{"id":1895,"date":"2021-02-16T11:02:45","date_gmt":"2021-02-16T10:02:45","guid":{"rendered":"https:\/\/heidenhofer-psychotherapie.at\/imprint\/"},"modified":"2025-04-23T13:08:31","modified_gmt":"2025-04-23T12:08:31","slug":"imprint","status":"publish","type":"page","link":"https:\/\/heidenhofer-psychotherapie.at\/en\/imprint\/","title":{"rendered":"Imprint"},"content":{"rendered":"<p><div class=\"fusion-fullwidth fullwidth-box fusion-builder-row-1 fusion-flex-container nonhundred-percent-fullwidth non-hundred-percent-height-scrolling\" style=\"background-color: rgba(210,221,207,0.5);background-position: center center;background-repeat: no-repeat;border-width: 0px 0px 0px 0px;border-color:#eae9e9;border-style:solid;\" ><div class=\"fusion-builder-row fusion-row fusion-flex-align-items-flex-start\" style=\"max-width:1185.6px;margin-left: calc(-4% \/ 2 );margin-right: calc(-4% \/ 2 );\"><div class=\"fusion-layout-column fusion_builder_column fusion-builder-column-0 fusion_builder_column_1_1 1_1 fusion-flex-column\"><div class=\"fusion-column-wrapper fusion-flex-justify-content-flex-start fusion-content-layout-column\" style=\"background-position:left top;background-repeat:no-repeat;-webkit-background-size:cover;-moz-background-size:cover;-o-background-size:cover;background-size:cover;padding: 0px 0px 0px 0px;\"><div class=\"fusion-section-separator section-separator horizon fusion-section-separator-1\"><div class=\"fusion-section-separator-svg\" style=\"font-size:0;line-height:0;\"><svg class=\"fusion-horizon-candy\" fill=\"#748b73\" xmlns=\"http:\/\/www.w3.org\/2000\/svg\" version=\"1.1\" width=\"100%\" viewBox=\"0 0 1024 178\" preserveAspectRatio=\"none\" class=\"section-separator-shortcode-divider-svg\"><path class=\"st0\" d=\"M1024 177.193L507.699 43.254 0 177.193V.041h1024v177.152z\"\/>\n\t\t\t\t\t\t\t\t\t<path class=\"st1\" d=\"M1024 138.076L507.699 43.152 0 138.076V-.266h1024v138.342z\"\/>\n\t\t\t\t\t\t\t\t\t<path class=\"st2\" d=\"M1024 67.728L507.699 43.152 0 67.728V-.266h1024v67.994z\"\/>\n\t\t\t\t\t\t\t\t\t<path class=\"st3\" d=\"M1024 3.625L507.699 43.152 0 3.625V-.266h1024v3.891z\"\/>\n\t\t\t\t\t\t\t\t<\/svg><\/div><div class=\"fusion-section-separator-spacer\"><div class=\"fusion-section-separator-spacer-height\" style=\"padding-top:17.3828125%;\"><\/div><\/div><style type=\"text\/css\">.fusion-section-separator-1 .fusion-section-separator-svg {margin-left:1.92%;margin-right:1.92%;}@media only screen and (max-width:1024px) {.fusion-section-separator-1 .fusion-section-separator-svg {margin-left:1.92%;margin-right:1.92%;}}@media only screen and (max-width:640px) {.fusion-section-separator-1 .fusion-section-separator-svg {margin-left:1.92%;margin-right:1.92%;}}<\/style><\/div><\/div><style type=\"text\/css\">.fusion-body .fusion-builder-column-0{width:100% !important;margin-top : 0px;margin-bottom : 0px;}.fusion-builder-column-0 > .fusion-column-wrapper {padding-top : 0px !important;padding-right : 0px !important;margin-right : 1.92%;padding-bottom : 0px !important;padding-left : 0px !important;margin-left : 1.92%;}@media only screen and (max-width:1024px) {.fusion-body .fusion-builder-column-0{width:100% !important;order : 0;}.fusion-builder-column-0 > .fusion-column-wrapper {margin-right : 1.92%;margin-left : 1.92%;}}@media only screen and (max-width:640px) {.fusion-body .fusion-builder-column-0{width:100% !important;order : 0;}.fusion-builder-column-0 > .fusion-column-wrapper {margin-right : 1.92%;margin-left : 1.92%;}}<\/style><\/div><div class=\"fusion-layout-column fusion_builder_column fusion-builder-column-1 fusion_builder_column_1_1 1_1 fusion-flex-column\"><div class=\"fusion-column-wrapper fusion-flex-justify-content-flex-start fusion-content-layout-column\" style=\"background-position:left top;background-repeat:no-repeat;-webkit-background-size:cover;-moz-background-size:cover;-o-background-size:cover;background-size:cover;padding: 0px 0px 0px 20px;\"><div class=\"fusion-text fusion-text-1\"><h2 class=\"fusion-responsive-typography-calculated\" style=\"--fontsize: 70; line-height: 1.5; color: #748b73;\" data-fontsize=\"70\" data-lineheight=\"105px\" data-darkreader-inline-color=\"\">LEGAL NOTICE<\/h2>\n<\/div><\/div><style type=\"text\/css\">.fusion-body .fusion-builder-column-1{width:100% !important;margin-top : 0px;margin-bottom : 0px;}.fusion-builder-column-1 > .fusion-column-wrapper {padding-top : 0px !important;padding-right : 0px !important;margin-right : 1.92%;padding-bottom : 0px !important;padding-left : 20px !important;margin-left : 1.92%;}@media only screen and (max-width:1024px) {.fusion-body .fusion-builder-column-1{width:100% !important;order : 0;}.fusion-builder-column-1 > .fusion-column-wrapper {margin-right : 1.92%;margin-left : 1.92%;}}@media only screen and (max-width:640px) {.fusion-body .fusion-builder-column-1{width:100% !important;order : 0;}.fusion-builder-column-1 > .fusion-column-wrapper {margin-right : 1.92%;margin-left : 1.92%;}}<\/style><\/div><\/div><style type=\"text\/css\">.fusion-body .fusion-flex-container.fusion-builder-row-1{ padding-top : 113px;margin-top : 0px;padding-right : ;padding-bottom : ;margin-bottom : 0px;padding-left : ;}<\/style><\/div><div class=\"fusion-fullwidth fullwidth-box fusion-builder-row-2 fusion-flex-container nonhundred-percent-fullwidth non-hundred-percent-height-scrolling\" style=\"background-color: #ffffff;background-position: center center;background-repeat: no-repeat;border-width: 0px 0px 0px 0px;border-color:#eae9e9;border-style:solid;\" ><div class=\"fusion-builder-row fusion-row fusion-flex-align-items-flex-start\" style=\"max-width:1185.6px;margin-left: calc(-4% \/ 2 );margin-right: calc(-4% \/ 2 );\"><div class=\"fusion-layout-column fusion_builder_column fusion-builder-column-2 fusion_builder_column_1_1 1_1 fusion-flex-column\"><div class=\"fusion-column-wrapper fusion-flex-justify-content-flex-start fusion-content-layout-column\" style=\"background-position:left top;background-repeat:no-repeat;-webkit-background-size:cover;-moz-background-size:cover;-o-background-size:cover;background-size:cover;padding: 0px 0px 0px 0px;\"><div class=\"fusion-section-separator section-separator triangle fusion-section-separator-2\" style=\"margin-bottom:50px;\"><div class=\"fusion-section-separator-svg\" style=\"border-bottom:0px solid #f6f6f6;\"><div class=\"divider-candy-arrow bottom\" style=\"top:0px;border-top-color: rgba(210,221,207,0.5);\"><\/div><div class=\"divider-candy bottom\" style=\"bottom:-20px;border-bottom:1px solid #f6f6f6;border-left:1px solid #f6f6f6;\"><\/div><\/div><div class=\"fusion-section-separator-spacer\"><div class=\"fusion-section-separator-spacer-height\" style=\"height:0px;\"><\/div><\/div><style type=\"text\/css\">.fusion-section-separator-2 .fusion-section-separator-svg {margin-left:1.92%;margin-right:1.92%;}@media only screen and (max-width:1024px) {.fusion-section-separator-2 .fusion-section-separator-svg {margin-left:1.92%;margin-right:1.92%;}}@media only screen and (max-width:640px) {.fusion-section-separator-2 .fusion-section-separator-svg {margin-left:1.92%;margin-right:1.92%;}}<\/style><\/div><div class=\"fusion-text fusion-text-2\"><p><strong>Dr. Regina Heidenhofer<\/strong><br \/>\nPsychotherapist and Business Consultant<\/p>\n<p style=\"color: #748b73;\" data-darkreader-inline-color=\"\"><a style=\"color: #748b73;\" href=\"https:\/\/goo.gl\/maps\/TQBMJtMkacuvPoAk6\" target=\"_blank\" rel=\"noopener\" data-darkreader-inline-color=\"\">1010 Vienna, Nibelungengasse 1\/4\/79<\/a><br \/>\n<a style=\"color: #748b73;\" href=\"https:\/\/maps.app.goo.gl\/ejsYR5L3tDEBF4g29\" target=\"_blank\" rel=\"noopener\">9082 Maria W\u00f6rth, W\u00f6rthersee-S\u00fcduferstra\u00dfe 229\/Top 1<\/a><br \/>\n<span style=\"color: #748b73;\" data-darkreader-inline-color=\"\">Mobile: <\/span><a style=\"color: #748b73;\" href=\"tel:+436707017075\" rel=\"noopener\" data-darkreader-inline-color=\"\">+43(0) 670 701 70 75<\/a><br \/>\n<span style=\"color: #748b73;\" data-darkreader-inline-color=\"\">E-Mail: <\/span><a href=\"mailto:praxis@heidenhofer-psychotherapie.at\"><span style=\"color: #748b73;\" data-darkreader-inline-color=\"\">praxis@heidenhofer-psy<span style=\"color: #748b73;\" data-darkreader-inline-color=\"\">ch<\/span><\/span><span style=\"color: #748b73;\" data-darkreader-inline-color=\"\">otherapie.at<\/span><\/a><\/p>\n<p><strong>Website owner according to \u00a7 25 Para. 5 Media Act. <\/strong><br \/>\nDr. Regina Heidenhofer, 1010 Vienna, Nibelungengasse 1\/4\/79<br \/>\nPsychotherapist (Systemic Family Therapy)<\/p>\n<p><strong>In cooperation with<\/strong><br \/>\nWebsite Designer: <a style=\"color: #748b73;\" href=\"https:\/\/funkenzimmer.at\" target=\"_blank\" rel=\"noopener\" data-darkreader-inline-color=\"\">FUNKENZIMMER OG<\/a><span style=\"color: #748b73;\" data-darkreader-inline-color=\"\"> &amp; <\/span><a style=\"color: #748b73;\" href=\"https:\/\/bydominik.com\/\" target=\"_blank\" rel=\"noopener\" data-darkreader-inline-color=\"\"><span style=\"color: #748b73;\" data-darkreader-inline-color=\"\">byDominik.c<\/span>om<\/a><br \/>\nPhotographer: <span style=\"color: #748b73;\" data-darkreader-inline-color=\"\">Mag. Sandra Schartel <\/span><span style=\"color: #748b73; font-family: var(--body_typography-font-family); font-size: var(--body_typography-font-size); font-style: var(--body_typography-font-style,normal); letter-spacing: var(--body_typography-letter-spacing);\" data-darkreader-inline-color=\"\">www.die-photografie.at<\/span><\/p>\n<p><strong>Account No.<br \/>\n<\/strong>Erste Bank<br \/>\nIBAN: AT23 2011 1825 5398 1810<br \/>\nBank code: 20111<br \/>\nBIC: GIBAATWWXXX<\/p>\n<p><strong>Member of <\/strong><\/p>\n<div>\n<ul>\n<li>Austrian Federal Association for Psychotherapy (<a style=\"color: #748b73;\" href=\"http:\/\/www.psychotherapie.at\" target=\"_blank\" rel=\"noopener noreferrer\" data-darkreader-inline-color=\"\">www.psycho<span style=\"color: #748b73;\" data-darkreader-inline-color=\"\">therapie.at<\/span><\/a>).<\/li>\n<li>Austrian Association for Systemic Therapy and Systemic Studies (<a style=\"color: #748b73;\" href=\"http:\/\/www.oeas.at\" target=\"_blank\" rel=\"noopener noreferrer\" data-darkreader-inline-color=\"\">www.oeas.at<\/a>).<\/li>\n<li>Registered Psychotherapist in the list of the Federal Ministry for Social Affairs, Health, Care and Consumer Protection (<a style=\"color: #748b73;\" href=\"http:\/\/www.psychotherapie.ehealth.gv.at\" target=\"_blank\" rel=\"noopener noreferrer\" data-darkreader-inline-color=\"\">www.psychotherapie.ehealth.gv.at<\/a><span style=\"color: #748b73; --darkreader-inline-color: #988f81;\" data-darkreader-inline-color=\"\"><span style=\"caret-color: #748b73; color: #616161;\" data-darkreader-inline-color=\"\">).<\/span><\/span><\/li>\n<\/ul>\n<\/div>\n<div><\/div>\n<p><strong>Responsible supervisory authority:<\/strong><br \/>\nFederal Ministry for Labor, Social Affairs, Health and Consumer Protection<br \/>\nThe legal basis for my work are the professional regulations, the Austrian Psychotherapy Act, as well as the Code of Ethics for Psychotherapists.<\/p>\n<p><a style=\"color: #748b73;\" href=\"https:\/\/heidenhofer-psychotherapie.at\/datenschutz\/\" rel=\"noopener\" data-darkreader-inline-color=\"\">Data Protection Regulation<\/a><\/p>\n<p><strong>Disclaimer <\/strong><br \/>\nDespite careful content control, we assume no liability for the content of external links. The operators of the linked pages are solely responsible for their content.<\/p>\n<\/div><div class=\"fusion-section-separator section-separator horizon fusion-section-separator-3\"><div class=\"fusion-section-separator-svg\" style=\"font-size:0;line-height:0;\"><svg class=\"fusion-horizon-candy\" fill=\"#f9eff9\" xmlns=\"http:\/\/www.w3.org\/2000\/svg\" version=\"1.1\" width=\"100%\" viewBox=\"0 -0.5 1024 178\" preserveAspectRatio=\"none\" class=\"section-separator-shortcode-divider-svg\"><path class=\"st0\" d=\"M1024 177.371H0V.219l507.699 133.939L1024 .219v177.152z\"\/>\n\t\t\t\t\t\t\t\t\t<path class=\"st1\" d=\"M1024 177.781H0V39.438l507.699 94.925L1024 39.438v138.343z\"\/>\n\t\t\t\t\t\t\t\t\t<path class=\"st2\" d=\"M1024 177.781H0v-67.892l507.699 24.474L1024 109.889v67.892z\"\/>\n\t\t\t\t\t\t\t\t\t<path class=\"st3\" d=\"M1024 177.781H0v-3.891l507.699-39.526L1024 173.889v3.892z\"\/>\n\t\t\t\t\t\t\t\t<\/svg><\/div><div class=\"fusion-section-separator-spacer\"><div class=\"fusion-section-separator-spacer-height\" style=\"padding-top:17.3828125%;\"><\/div><\/div><style type=\"text\/css\">.fusion-section-separator-3 .fusion-section-separator-svg {margin-left:1.92%;margin-right:1.92%;}@media only screen and (max-width:1024px) {.fusion-section-separator-3 .fusion-section-separator-svg {margin-left:1.92%;margin-right:1.92%;}}@media only screen and (max-width:640px) {.fusion-section-separator-3 .fusion-section-separator-svg {margin-left:1.92%;margin-right:1.92%;}}.fusion-section-separator.fusion-section-separator-3 .fusion-section-separator-svg svg,.fusion-section-separator.fusion-section-separator-3 .fusion-section-separator-svg-bg{height:200px;}.fusion-section-separator.fusion-section-separator-3 .fusion-section-separator-spacer-height{height:200px !important;padding-top:inherit !important;}<\/style><\/div><\/div><style type=\"text\/css\">.fusion-body .fusion-builder-column-2{width:100% !important;margin-top : 0px;margin-bottom : 0px;}.fusion-builder-column-2 > .fusion-column-wrapper {padding-top : 0px !important;padding-right : 0px !important;margin-right : 1.92%;padding-bottom : 0px !important;padding-left : 0px !important;margin-left : 1.92%;}@media only screen and (max-width:1024px) {.fusion-body .fusion-builder-column-2{width:100% !important;order : 0;}.fusion-builder-column-2 > .fusion-column-wrapper {margin-right : 1.92%;margin-left : 1.92%;}}@media only screen and (max-width:640px) {.fusion-body .fusion-builder-column-2{width:100% !important;order : 0;}.fusion-builder-column-2 > .fusion-column-wrapper {margin-right : 1.92%;margin-left : 1.92%;}}<\/style><\/div><\/div><style type=\"text\/css\">.fusion-body .fusion-flex-container.fusion-builder-row-2{ padding-top : 0px;margin-top : 0px;padding-right : ;padding-bottom : 0px;margin-bottom : 0px;padding-left : ;}<\/style><\/div><\/p>\n","protected":false},"excerpt":{"rendered":"","protected":false},"author":2,"featured_media":0,"parent":0,"menu_order":0,"comment_status":"closed","ping_status":"closed","template":"100-width.php","meta":{"footnotes":""},"class_list":["post-1895","page","type-page","status-publish","hentry"],"_links":{"self":[{"href":"https:\/\/heidenhofer-psychotherapie.at\/en\/wp-json\/wp\/v2\/pages\/1895","targetHints":{"allow":["GET"]}}],"collection":[{"href":"https:\/\/heidenhofer-psychotherapie.at\/en\/wp-json\/wp\/v2\/pages"}],"about":[{"href":"https:\/\/heidenhofer-psychotherapie.at\/en\/wp-json\/wp\/v2\/types\/page"}],"author":[{"embeddable":true,"href":"https:\/\/heidenhofer-psychotherapie.at\/en\/wp-json\/wp\/v2\/users\/2"}],"replies":[{"embeddable":true,"href":"https:\/\/heidenhofer-psychotherapie.at\/en\/wp-json\/wp\/v2\/comments?post=1895"}],"version-history":[{"count":2,"href":"https:\/\/heidenhofer-psychotherapie.at\/en\/wp-json\/wp\/v2\/pages\/1895\/revisions"}],"predecessor-version":[{"id":1899,"href":"https:\/\/heidenhofer-psychotherapie.at\/en\/wp-json\/wp\/v2\/pages\/1895\/revisions\/1899"}],"wp:attachment":[{"href":"https:\/\/heidenhofer-psychotherapie.at\/en\/wp-json\/wp\/v2\/media?parent=1895"}],"curies":[{"name":"wp","href":"https:\/\/api.w.org\/{rel}","templated":true}]}}