{"id":1887,"date":"2022-11-15T18:30:53","date_gmt":"2022-11-15T17:30:53","guid":{"rendered":"https:\/\/heidenhofer-psychotherapie.at\/home\/"},"modified":"2025-04-23T13:08:19","modified_gmt":"2025-04-23T12:08:19","slug":"home","status":"publish","type":"page","link":"https:\/\/heidenhofer-psychotherapie.at\/en\/","title":{"rendered":"Home"},"content":{"rendered":"<p><div class=\"fusion-fullwidth fullwidth-box fusion-builder-row-1 fusion-flex-container fusion-parallax-none home-hero-container-01 hundred-percent-fullwidth non-hundred-percent-height-scrolling\" style=\"background-color: rgba(255,255,255,0);background-image: url(&quot;https:\/\/heidenhofer-psychotherapie.at\/wp-content\/uploads\/2021\/01\/cmelinaweger-6507-scaled-e1611925876795.jpg&quot;);background-image:linear-gradient(0deg, #748b73 0%,rgba(255,255,255,0) 65%),url(https:\/\/heidenhofer-psychotherapie.at\/wp-content\/uploads\/2021\/01\/cmelinaweger-6507-scaled-e1611925876795.jpg);background-position: center top;background-repeat: no-repeat;border-width: 0px 0px 0px 0px;border-color:#eae9e9;border-style:solid;-webkit-background-size:cover;-moz-background-size:cover;-o-background-size:cover;background-size:cover;\" ><div class=\"fusion-builder-row fusion-row fusion-flex-align-items-flex-end\" style=\"width:104% !important;max-width:104% !important;margin-left: calc(-4% \/ 2 );margin-right: calc(-4% \/ 2 );\"><div class=\"fusion-layout-column fusion_builder_column fusion-builder-column-0 fusion_builder_column_1_1 1_1 fusion-flex-column fusion-flex-align-self-flex-start gutschein-column\"><div class=\"fusion-column-wrapper fusion-flex-justify-content-flex-start fusion-content-layout-column\" style=\"background-position:center center;background-repeat:no-repeat;-webkit-background-size:cover;-moz-background-size:cover;-o-background-size:cover;background-size:cover;padding: 0px 0px 0px 0px;\"><div style=\"text-align:left;\"><span class=\" fusion-imageframe imageframe-none imageframe-1 hover-type-none\" style=\"width:100%;max-width:15vw;\"><a class=\"fusion-no-lightbox\" href=\"https:\/\/heidenhofer-psychotherapie.at\/geschenkgutscheine\/\" target=\"_self\" aria-label=\"pakete-8\"><img decoding=\"async\" width=\"400\" height=\"193\" alt=\"Give the Gift of Health!\" src=\"https:\/\/heidenhofer-psychotherapie.at\/wp-content\/uploads\/2022\/11\/pakete-8-400x193.png\" class=\"img-responsive wp-image-1854\" srcset=\"https:\/\/heidenhofer-psychotherapie.at\/wp-content\/uploads\/2022\/11\/pakete-8-200x97.png 200w, https:\/\/heidenhofer-psychotherapie.at\/wp-content\/uploads\/2022\/11\/pakete-8-400x193.png 400w, https:\/\/heidenhofer-psychotherapie.at\/wp-content\/uploads\/2022\/11\/pakete-8.png 600w\" sizes=\"(max-width: 1024px) 100vw, (max-width: 640px) 100vw, 400px\" \/><\/a><\/span><\/div><\/div><style type=\"text\/css\">.fusion-body .fusion-builder-column-0{width:100% !important;margin-top : 0px;margin-bottom : 0px;}.fusion-builder-column-0 > .fusion-column-wrapper {padding-top : 0px !important;padding-right : 0px !important;margin-right : 0px;padding-bottom : 0px !important;padding-left : 0px !important;margin-left : 0px;}@media only screen and (max-width:1024px) {.fusion-body .fusion-builder-column-0{width:100% !important;order : 0;}.fusion-builder-column-0 > .fusion-column-wrapper {margin-right : 1.92%;margin-left : 1.92%;}}@media only screen and (max-width:640px) {.fusion-body .fusion-builder-column-0{width:100% !important;order : 0;}.fusion-builder-column-0 > .fusion-column-wrapper {margin-right : 1.92%;margin-left : 1.92%;}}<\/style><\/div><\/div><style type=\"text\/css\">.fusion-fullwidth.fusion-builder-row-1 a:not(.fusion-button):not(.fusion-builder-module-control):not(.fusion-social-network-icon):not(.fb-icon-element):not(.fusion-countdown-link):not(.fusion-rollover-link):not(.fusion-rollover-gallery):not(.fusion-button-bar):not(.add_to_cart_button):not(.show_details_button):not(.product_type_external):not(.fusion-view-cart):not(.fusion-quick-view):not(.fusion-rollover-title-link):not(.fusion-breadcrumb-link) , .fusion-fullwidth.fusion-builder-row-1 a:not(.fusion-button):not(.fusion-builder-module-control):not(.fusion-social-network-icon):not(.fb-icon-element):not(.fusion-countdown-link):not(.fusion-rollover-link):not(.fusion-rollover-gallery):not(.fusion-button-bar):not(.add_to_cart_button):not(.show_details_button):not(.product_type_external):not(.fusion-view-cart):not(.fusion-quick-view):not(.fusion-rollover-title-link):not(.fusion-breadcrumb-link):before, .fusion-fullwidth.fusion-builder-row-1 a:not(.fusion-button):not(.fusion-builder-module-control):not(.fusion-social-network-icon):not(.fb-icon-element):not(.fusion-countdown-link):not(.fusion-rollover-link):not(.fusion-rollover-gallery):not(.fusion-button-bar):not(.add_to_cart_button):not(.show_details_button):not(.product_type_external):not(.fusion-view-cart):not(.fusion-quick-view):not(.fusion-rollover-title-link):not(.fusion-breadcrumb-link):after {color: #5f6f52;}.fusion-body .fusion-flex-container.fusion-builder-row-1{ padding-top : 24%;margin-top : 0px;padding-right : ;padding-bottom : 0px;margin-bottom : 0px;padding-left : ;}<\/style><\/div><div class=\"fusion-fullwidth fullwidth-box fusion-builder-row-2 fusion-flex-container nonhundred-percent-fullwidth non-hundred-percent-height-scrolling\" style=\"background-color: #dae1d9;background-position: center center;background-repeat: no-repeat;border-width: 0px 0px 0px 0px;border-color:#eae9e9;border-style:solid;\" ><div class=\"fusion-builder-row fusion-row fusion-flex-align-items-flex-start\" style=\"max-width:1185.6px;margin-left: calc(-4% \/ 2 );margin-right: calc(-4% \/ 2 );\"><div class=\"fusion-layout-column fusion_builder_column fusion-builder-column-1 fusion_builder_column_1_2 1_2 fusion-flex-column\"><div class=\"fusion-column-wrapper fusion-flex-justify-content-flex-start fusion-content-layout-column\" style=\"background-position:left top;background-repeat:no-repeat;-webkit-background-size:cover;-moz-background-size:cover;-o-background-size:cover;background-size:cover;padding: 0px 0px 50px 0px;\"><div ><span class=\" fusion-imageframe imageframe-glow imageframe-2 hover-type-none\" style=\"-webkit-box-shadow: 0 0 0px rgba(0,0,0,0.81);box-shadow: 0 0 0px rgba(0,0,0,0.81);width:100%;max-width:350px;\"><img decoding=\"async\" width=\"683\" height=\"1024\" title=\"RH_Home\" src=\"https:\/\/heidenhofer-psychotherapie.at\/wp-content\/uploads\/2021\/12\/RH_Home-683x1024.jpg\" class=\"img-responsive wp-image-1831\" srcset=\"https:\/\/heidenhofer-psychotherapie.at\/wp-content\/uploads\/2021\/12\/RH_Home-200x300.jpg 200w, https:\/\/heidenhofer-psychotherapie.at\/wp-content\/uploads\/2021\/12\/RH_Home-400x600.jpg 400w, https:\/\/heidenhofer-psychotherapie.at\/wp-content\/uploads\/2021\/12\/RH_Home-600x900.jpg 600w, https:\/\/heidenhofer-psychotherapie.at\/wp-content\/uploads\/2021\/12\/RH_Home-800x1200.jpg 800w, https:\/\/heidenhofer-psychotherapie.at\/wp-content\/uploads\/2021\/12\/RH_Home-1200x1800.jpg 1200w, https:\/\/heidenhofer-psychotherapie.at\/wp-content\/uploads\/2021\/12\/RH_Home-scaled.jpg 1707w\" sizes=\"(max-width: 1024px) 100vw, (max-width: 640px) 100vw, 600px\" \/><\/span><\/div><\/div><style type=\"text\/css\">.fusion-body .fusion-builder-column-1{width:50% !important;margin-top : 0px;margin-bottom : 0px;}.fusion-builder-column-1 > .fusion-column-wrapper {padding-top : 0px !important;padding-right : 0px !important;margin-right : 3.84%;padding-bottom : 50px !important;padding-left : 0px !important;margin-left : 3.84%;}@media only screen and (max-width:1024px) {.fusion-body .fusion-builder-column-1{width:100% !important;order : 0;}.fusion-builder-column-1 > .fusion-column-wrapper {margin-right : 1.92%;margin-left : 1.92%;}}@media only screen and (max-width:640px) {.fusion-body .fusion-builder-column-1{width:100% !important;order : 0;}.fusion-builder-column-1 > .fusion-column-wrapper {margin-right : 1.92%;margin-left : 1.92%;}}<\/style><\/div><div class=\"fusion-layout-column fusion_builder_column fusion-builder-column-2 fusion_builder_column_1_2 1_2 fusion-flex-column\"><div class=\"fusion-column-wrapper fusion-flex-justify-content-flex-start fusion-content-layout-column\" style=\"background-position:left top;background-repeat:no-repeat;-webkit-background-size:cover;-moz-background-size:cover;-o-background-size:cover;background-size:cover;padding: 0px 0px 0px 20px;\"><div class=\"fusion-text fusion-text-1\"><div class=\"textwidget\">\n<h3 class=\"fusion-responsive-typography-calculated\" style=\"--fontsize: 20; line-height: 1.5; --minfontsize: 20; color: #232322;\" data-fontsize=\"20\" data-lineheight=\"30px\">Dr. Regina Heidenhofer<\/h3>\n<ul>\n<li><span style=\"color: #232323;\">Psychotherapist<\/span><\/li>\n<li><span style=\"color: #232323;\">Business Consultant<\/span><\/li>\n<\/ul>\n<p><a style=\"color: #748b73;\" href=\"https:\/\/goo.gl\/maps\/TQBMJtMkacuvPoAk6\" target=\"_blank\" rel=\"noopener\">1st District, Nibelungengasse 1\/4\/79<\/a><br \/>\n<a style=\"color: #748b73;\" href=\"https:\/\/maps.app.goo.gl\/ejsYR5L3tDEBF4g29\" target=\"_blank\" rel=\"noopener\">9082 Maria W\u00f6rth, W\u00f6rthersee-S\u00fcduferstra\u00dfe 229\/Top 1<\/a><\/p>\n<p>Mobile: <a style=\"color: #748b73;\" href=\"tel:+436707017075\" rel=\"noopener\">+43(0) 670 701 70 75<\/a><br \/>\nEmail: <a style=\"color: #748b73;\" href=\"mailto:praxis@heidenhofer-psychotherapie.at\">praxis@heidenhofer-psychotherapie.at<\/a><\/p>\n<\/div>\n<\/div><div class=\"fusion-text fusion-text-2\"><p><strong>When you decide to work with me,<br \/>\nyou can primarily expect: <\/strong><\/p>\n<ul>\n<li>Professionalism based on professional and life experience as well as theoretical reflection.<\/li>\n<li>Support through the use of a wide range of methods and therapeutic concepts.<\/li>\n<li>Recognition of your courage to undertake therapy \u2013 by doing so, you have already taken the first step on your journey towards &#8220;changing your life situation&#8221;.<\/li>\n<li>A high degree of empathy combined with a great deal of mindfulness, respect, and appreciation.<\/li>\n<\/ul>\n<\/div><\/div><style type=\"text\/css\">.fusion-body .fusion-builder-column-2{width:50% !important;margin-top : 0px;margin-bottom : 0px;}.fusion-builder-column-2 > .fusion-column-wrapper {padding-top : 0px !important;padding-right : 0px !important;margin-right : 3.84%;padding-bottom : 0px !important;padding-left : 20px !important;margin-left : 3.84%;}@media only screen and (max-width:1024px) {.fusion-body .fusion-builder-column-2{width:100% !important;order : 0;}.fusion-builder-column-2 > .fusion-column-wrapper {margin-right : 1.92%;margin-left : 1.92%;}}@media only screen and (max-width:640px) {.fusion-body .fusion-builder-column-2{width:100% !important;order : 0;}.fusion-builder-column-2 > .fusion-column-wrapper {margin-right : 1.92%;margin-left : 1.92%;}}<\/style><\/div><\/div><style type=\"text\/css\">.fusion-fullwidth.fusion-builder-row-2 a:not(.fusion-button):not(.fusion-builder-module-control):not(.fusion-social-network-icon):not(.fb-icon-element):not(.fusion-countdown-link):not(.fusion-rollover-link):not(.fusion-rollover-gallery):not(.fusion-button-bar):not(.add_to_cart_button):not(.show_details_button):not(.product_type_external):not(.fusion-view-cart):not(.fusion-quick-view):not(.fusion-rollover-title-link):not(.fusion-breadcrumb-link) , .fusion-fullwidth.fusion-builder-row-2 a:not(.fusion-button):not(.fusion-builder-module-control):not(.fusion-social-network-icon):not(.fb-icon-element):not(.fusion-countdown-link):not(.fusion-rollover-link):not(.fusion-rollover-gallery):not(.fusion-button-bar):not(.add_to_cart_button):not(.show_details_button):not(.product_type_external):not(.fusion-view-cart):not(.fusion-quick-view):not(.fusion-rollover-title-link):not(.fusion-breadcrumb-link):before, .fusion-fullwidth.fusion-builder-row-2 a:not(.fusion-button):not(.fusion-builder-module-control):not(.fusion-social-network-icon):not(.fb-icon-element):not(.fusion-countdown-link):not(.fusion-rollover-link):not(.fusion-rollover-gallery):not(.fusion-button-bar):not(.add_to_cart_button):not(.show_details_button):not(.product_type_external):not(.fusion-view-cart):not(.fusion-quick-view):not(.fusion-rollover-title-link):not(.fusion-breadcrumb-link):after {color: #e6dddc;}.fusion-body .fusion-flex-container.fusion-builder-row-2{ padding-top : 50px;margin-top : 0px;padding-right : ;padding-bottom : ;margin-bottom : 0px;padding-left : ;}<\/style><\/div><div class=\"fusion-fullwidth fullwidth-box fusion-builder-row-3 fusion-flex-container nonhundred-percent-fullwidth non-hundred-percent-height-scrolling\" style=\"background-color: #ffffff;background-position: center center;background-repeat: no-repeat;border-width: 0px 0px 0px 0px;border-color:#eae9e9;border-style:solid;\" ><div class=\"fusion-builder-row fusion-row fusion-flex-align-items-flex-start\" style=\"max-width:1185.6px;margin-left: calc(-4% \/ 2 );margin-right: calc(-4% \/ 2 );\"><div class=\"fusion-layout-column fusion_builder_column fusion-builder-column-3 fusion_builder_column_1_1 1_1 fusion-flex-column\"><div class=\"fusion-column-wrapper fusion-flex-justify-content-flex-start fusion-content-layout-column\" style=\"background-position:left top;background-repeat:no-repeat;-webkit-background-size:cover;-moz-background-size:cover;-o-background-size:cover;background-size:cover;padding: 0px 0px 0px 0px;\"><div class=\"fusion-section-separator section-separator triangle fusion-section-separator-1\" style=\"margin-bottom:50px;\"><div class=\"fusion-section-separator-svg\" style=\"border-bottom:0px solid #f6f6f6;\"><div class=\"divider-candy-arrow bottom\" style=\"top:0px;border-top-color: #dae1d9;\"><\/div><div class=\"divider-candy bottom\" style=\"bottom:-20px;border-bottom:1px solid #f6f6f6;border-left:1px solid #f6f6f6;\"><\/div><\/div><div class=\"fusion-section-separator-spacer\"><div class=\"fusion-section-separator-spacer-height\" style=\"height:0px;\"><\/div><\/div><style type=\"text\/css\">.fusion-section-separator-1 .fusion-section-separator-svg {margin-left:1.92%;margin-right:1.92%;}@media only screen and (max-width:1024px) {.fusion-section-separator-1 .fusion-section-separator-svg {margin-left:1.92%;margin-right:1.92%;}}@media only screen and (max-width:640px) {.fusion-section-separator-1 .fusion-section-separator-svg {margin-left:1.92%;margin-right:1.92%;}}<\/style><\/div><div class=\"fusion-text fusion-text-3\"><p><a href=\"https:\/\/heidenhofer-psychotherapie.at\/ihre-anliegen\/\"><strong><span style=\"color: rgba(35, 29, 35, 0.85);\">You feel that your relationship with your body and\/or your soul is out of balance because <\/span><em><span style=\"color: rgba(35, 29, 35, 0.85);\">&#8230;<\/span><\/em><\/strong><\/a><\/p>\n<ul>\n<li>You have lost your zest for life and have a depressive mood,<\/li>\n<li>You feel insecure despite familiar surroundings and are haunted by fears without warning,<\/li>\n<li>You are no longer satisfied with your body and feel too fat\/too thin,<\/li>\n<li>You feel very lonely,<\/li>\n<li>You can&#8217;t control your emotions and tend to have outbursts of anger or sudden crying,<\/li>\n<li>You notice that you are becoming increasingly dependent (e.g., on alcohol),<\/li>\n<li>&#8230;<\/li>\n<\/ul>\n<\/div><div class=\"fusion-text fusion-text-4\"><p><a href=\"https:\/\/heidenhofer-psychotherapie.at\/ihre-anliegen\/\"><strong style=\"color: rgba(35, 29, 35, 0.85);\">You feel that your relationship with your partner, your family, friends, or your (professional\/social) environment is out of balance because &#8230;<\/strong><\/a><\/p>\n<ul>\n<li>&#8220;Life events&#8221; (separation, death, illness) are &#8220;disrupting&#8221; your life,<\/li>\n<li>Sand has gotten into the gears of your (long-term) partnership,<\/li>\n<li>Your sexual desires are &#8220;left by the wayside&#8221;,<\/li>\n<li>You feel attracted to the same sex,<\/li>\n<li>You are suffering more and more from the pressure to perform at work,<\/li>\n<li>&#8230;<\/li>\n<\/ul>\n<\/div><div class=\"fusion-text fusion-text-5\"><p><a href=\"\/ihre-themen\/\"><strong><span style=\"color: rgba(35, 29, 35, 0.85);\">As a young person, you feel that <\/span><em><span style=\"color: rgba(35, 29, 35, 0.85);\">&#8230;<\/span><\/em><\/strong><\/a><\/p>\n<ul>\n<li>On your way to adulthood, you are struggling with your self-worth and experiencing &#8220;breaks&#8221; in your search for your own identity,<\/li>\n<li>You feel uncomfortable in your body and even reject it,<\/li>\n<li>Your mood swings are straining your relationships with your friends,<\/li>\n<li>You have no desire for school and are experiencing significant drops in performance,<\/li>\n<li>The values of your parents and your social environment entangle you in unsolvable conflicts,<\/li>\n<li>You are reluctant to go to school\/work because you are rejected as an outsider by colleagues and even bullied,<\/li>\n<li>&#8230;<\/li>\n<\/ul>\n<\/div><div class=\"fusion-text fusion-text-6\"><h3 class=\"fusion-responsive-typography-calculated\" style=\"--fontsize: 20; line-height: 1.5; --minfontsize: 20; color: #232323;\" data-fontsize=\"20\" data-lineheight=\"30px\">I understand therapeutic work as a joint journey, at the end of which stands the goal of removing seemingly insurmountable obstacles that stand in the way of a happy life!<\/h3>\n<\/div><div class=\"fusion-section-separator section-separator horizon fusion-section-separator-2\"><div class=\"fusion-section-separator-svg\" style=\"font-size:0;line-height:0;\"><svg class=\"fusion-horizon-candy\" fill=\"#d2ddcf\" xmlns=\"http:\/\/www.w3.org\/2000\/svg\" version=\"1.1\" width=\"100%\" viewBox=\"0 -0.5 1024 178\" preserveAspectRatio=\"none\" class=\"section-separator-shortcode-divider-svg\"><path class=\"st0\" d=\"M1024 177.371H0V.219l507.699 133.939L1024 .219v177.152z\"\/>\n\t\t\t\t\t\t\t\t\t<path class=\"st1\" d=\"M1024 177.781H0V39.438l507.699 94.925L1024 39.438v138.343z\"\/>\n\t\t\t\t\t\t\t\t\t<path class=\"st2\" d=\"M1024 177.781H0v-67.892l507.699 24.474L1024 109.889v67.892z\"\/>\n\t\t\t\t\t\t\t\t\t<path class=\"st3\" d=\"M1024 177.781H0v-3.891l507.699-39.526L1024 173.889v3.892z\"\/>\n\t\t\t\t\t\t\t\t<\/svg><\/div><div class=\"fusion-section-separator-spacer\"><div class=\"fusion-section-separator-spacer-height\" style=\"padding-top:17.3828125%;\"><\/div><\/div><style type=\"text\/css\">.fusion-section-separator-2 .fusion-section-separator-svg {margin-left:1.92%;margin-right:1.92%;}@media only screen and (max-width:1024px) {.fusion-section-separator-2 .fusion-section-separator-svg {margin-left:1.92%;margin-right:1.92%;}}@media only screen and (max-width:640px) {.fusion-section-separator-2 .fusion-section-separator-svg {margin-left:1.92%;margin-right:1.92%;}}.fusion-section-separator.fusion-section-separator-2 .fusion-section-separator-svg svg,.fusion-section-separator.fusion-section-separator-2 .fusion-section-separator-svg-bg{height:200px;}.fusion-section-separator.fusion-section-separator-2 .fusion-section-separator-spacer-height{height:200px !important;padding-top:inherit !important;}<\/style><\/div><\/div><style type=\"text\/css\">.fusion-body .fusion-builder-column-3{width:100% !important;margin-top : 0px;margin-bottom : 0px;}.fusion-builder-column-3 > .fusion-column-wrapper {padding-top : 0px !important;padding-right : 0px !important;margin-right : 1.92%;padding-bottom : 0px !important;padding-left : 0px !important;margin-left : 1.92%;}@media only screen and (max-width:1024px) {.fusion-body .fusion-builder-column-3{width:100% !important;order : 0;}.fusion-builder-column-3 > .fusion-column-wrapper {margin-right : 1.92%;margin-left : 1.92%;}}@media only screen and (max-width:640px) {.fusion-body .fusion-builder-column-3{width:100% !important;order : 0;}.fusion-builder-column-3 > .fusion-column-wrapper {margin-right : 1.92%;margin-left : 1.92%;}}<\/style><\/div><\/div><style type=\"text\/css\">.fusion-body .fusion-flex-container.fusion-builder-row-3{ padding-top : 0px;margin-top : 0px;padding-right : ;padding-bottom : 0px;margin-bottom : 0px;padding-left : ;}<\/style><\/div><\/p>\n","protected":false},"excerpt":{"rendered":"","protected":false},"author":2,"featured_media":0,"parent":0,"menu_order":0,"comment_status":"closed","ping_status":"closed","template":"100-width.php","meta":{"footnotes":""},"class_list":["post-1887","page","type-page","status-publish","hentry"],"_links":{"self":[{"href":"https:\/\/heidenhofer-psychotherapie.at\/en\/wp-json\/wp\/v2\/pages\/1887","targetHints":{"allow":["GET"]}}],"collection":[{"href":"https:\/\/heidenhofer-psychotherapie.at\/en\/wp-json\/wp\/v2\/pages"}],"about":[{"href":"https:\/\/heidenhofer-psychotherapie.at\/en\/wp-json\/wp\/v2\/types\/page"}],"author":[{"embeddable":true,"href":"https:\/\/heidenhofer-psychotherapie.at\/en\/wp-json\/wp\/v2\/users\/2"}],"replies":[{"embeddable":true,"href":"https:\/\/heidenhofer-psychotherapie.at\/en\/wp-json\/wp\/v2\/comments?post=1887"}],"version-history":[{"count":3,"href":"https:\/\/heidenhofer-psychotherapie.at\/en\/wp-json\/wp\/v2\/pages\/1887\/revisions"}],"predecessor-version":[{"id":1890,"href":"https:\/\/heidenhofer-psychotherapie.at\/en\/wp-json\/wp\/v2\/pages\/1887\/revisions\/1890"}],"wp:attachment":[{"href":"https:\/\/heidenhofer-psychotherapie.at\/en\/wp-json\/wp\/v2\/media?parent=1887"}],"curies":[{"name":"wp","href":"https:\/\/api.w.org\/{rel}","templated":true}]}}